{"id":15,"date":"2019-07-02T20:03:44","date_gmt":"2019-07-02T18:03:44","guid":{"rendered":"http:\/\/sandracepeda.com\/?page_id=15"},"modified":"2026-01-29T21:43:05","modified_gmt":"2026-01-29T20:43:05","slug":"inicio","status":"publish","type":"page","link":"https:\/\/sandracepeda.com\/en\/","title":{"rendered":"HOME"},"content":{"rendered":"<style>.kb-row-layout-id15_44c66e-0c > .kt-row-column-wrap{align-content:center;}:where(.kb-row-layout-id15_44c66e-0c > .kt-row-column-wrap) > .wp-block-kadence-column{justify-content:center;}.kb-row-layout-id15_44c66e-0c > .kt-row-column-wrap{column-gap:var(--global-kb-gap-md, 2rem);row-gap:var(--global-kb-gap-md, 2rem);max-width:1020px;margin-left:auto;margin-right:auto;padding-top:0px;padding-bottom:0px;grid-template-columns:minmax(0, 2fr) minmax(0, 1fr);}.kb-row-layout-id15_44c66e-0c{background-color:#000000;}.kb-row-layout-id15_44c66e-0c > .kt-row-layout-overlay{opacity:0.30;}@media all and (max-width: 1024px){.kb-row-layout-id15_44c66e-0c > .kt-row-column-wrap{grid-template-columns:minmax(0, 2fr) minmax(0, 1fr);}}@media all and (max-width: 767px){.kb-row-layout-id15_44c66e-0c > .kt-row-column-wrap{grid-template-columns:minmax(0, 1fr);}}<\/style><div class=\"kb-row-layout-wrap kb-row-layout-id15_44c66e-0c alignfull kt-row-has-bg d-none d-md-block wp-block-kadence-rowlayout\"><div class=\"kt-row-column-wrap kt-has-2-columns kt-row-layout-left-golden kt-tab-layout-inherit kt-mobile-layout-row kt-row-valign-middle\">\n<style>.kadence-column15_daf9d7-90 > .kt-inside-inner-col,.kadence-column15_daf9d7-90 > .kt-inside-inner-col:before{border-top-left-radius:0px;border-top-right-radius:0px;border-bottom-right-radius:0px;border-bottom-left-radius:0px;}.kadence-column15_daf9d7-90 > .kt-inside-inner-col{column-gap:var(--global-kb-gap-sm, 1rem);}.kadence-column15_daf9d7-90 > .kt-inside-inner-col{flex-direction:column;}.kadence-column15_daf9d7-90 > .kt-inside-inner-col > .aligncenter{width:100%;}.kadence-column15_daf9d7-90 > .kt-inside-inner-col:before{opacity:0.3;}.kadence-column15_daf9d7-90{position:relative;}@media all and (max-width: 1024px){.kadence-column15_daf9d7-90 > .kt-inside-inner-col{flex-direction:column;}}@media all and (max-width: 767px){.kadence-column15_daf9d7-90 > .kt-inside-inner-col{flex-direction:column;}}<\/style>\n<div class=\"wp-block-kadence-column kadence-column15_daf9d7-90 inner-column-1\"><div class=\"kt-inside-inner-col\"><p class=\"has-text-align-center my-5 has-white-color has-text-color\" style=\"font-size:12px\"><em>The artistic creation of Sandra Cepeda is reflected across multiple disciplines. Her career spans architecture and interior design\u2014her primary profession\u2014as well as museography, curatorship, ephemeral spaces, diverse art techniques, installation, performance, and sculpture.<\/em><\/p>\n\n<p class=\"has-text-align-center my-5 has-white-color has-text-color\" style=\"font-size:12px\"><em>She subsequently moved into the production and supervision of art direction for both national and international publishers and production houses.<\/em><\/p>\n\n<p class=\"has-text-align-center my-5 has-white-color has-text-color\" style=\"font-size:12px\"><em>\u200bFirma de Arte is a compilation of her work and her current multifunctional<br>production laboratory.<\/em><\/p>\n\n<p class=\"has-text-align-center my-5 has-white-color has-text-color\" style=\"font-size:14px\"><\/p><\/div><\/div>\n\n<style>.kadence-column15_188244-dd > .kt-inside-inner-col,.kadence-column15_188244-dd > .kt-inside-inner-col:before{border-top-left-radius:0px;border-top-right-radius:0px;border-bottom-right-radius:0px;border-bottom-left-radius:0px;}.kadence-column15_188244-dd > .kt-inside-inner-col{column-gap:var(--global-kb-gap-sm, 1rem);}.kadence-column15_188244-dd > .kt-inside-inner-col{flex-direction:column;}.kadence-column15_188244-dd > .kt-inside-inner-col > .aligncenter{width:100%;}.kadence-column15_188244-dd > .kt-inside-inner-col:before{opacity:0.3;}.kadence-column15_188244-dd{position:relative;}@media all and (max-width: 1024px){.kadence-column15_188244-dd > .kt-inside-inner-col{flex-direction:column;}}@media all and (max-width: 767px){.kadence-column15_188244-dd > .kt-inside-inner-col{flex-direction:column;}}<\/style>\n<div class=\"wp-block-kadence-column kadence-column15_188244-dd inner-column-2\"><div class=\"kt-inside-inner-col\"><div class=\"wp-block-image m-0\"><figure class=\"aligncenter\"><img loading=\"lazy\" decoding=\"async\" width=\"682\" height=\"1024\" src=\"https:\/\/sandracepeda.com\/wp-content\/uploads\/2019\/07\/613A4120-70-682x1024.jpg\" alt=\"\" class=\"wp-image-164\" srcset=\"https:\/\/sandracepeda.com\/wp-content\/uploads\/2019\/07\/613A4120-70-682x1024.jpg 682w, https:\/\/sandracepeda.com\/wp-content\/uploads\/2019\/07\/613A4120-70-200x300.jpg 200w, https:\/\/sandracepeda.com\/wp-content\/uploads\/2019\/07\/613A4120-70-768x1152.jpg 768w, https:\/\/sandracepeda.com\/wp-content\/uploads\/2019\/07\/613A4120-70-600x900.jpg 600w, https:\/\/sandracepeda.com\/wp-content\/uploads\/2019\/07\/613A4120-70.jpg 1181w\" sizes=\"auto, (max-width: 682px) 100vw, 682px\" \/><\/figure><\/div><\/div><\/div>\n<\/div><\/div><style>.kb-row-layout-id15_3642d9-c5 > .kt-row-column-wrap{align-content:center;}:where(.kb-row-layout-id15_3642d9-c5 > .kt-row-column-wrap) > .wp-block-kadence-column{justify-content:center;}.kb-row-layout-id15_3642d9-c5 > .kt-row-column-wrap{column-gap:var(--global-kb-gap-md, 2rem);row-gap:var(--global-kb-gap-md, 2rem);max-width:1040px;margin-left:auto;margin-right:auto;padding-top:0px;padding-bottom:0px;grid-template-columns:minmax(0, 1fr) minmax(0, 2fr);}.kb-row-layout-id15_3642d9-c5{background-color:#000000;}.kb-row-layout-id15_3642d9-c5 > .kt-row-layout-overlay{opacity:0.30;}.kb-row-layout-id15_3642d9-c5 .kt-row-layout-bottom-sep{height:100px;}.kb-row-layout-id15_3642d9-c5 .kt-row-layout-bottom-sep svg{width:100%;}.kb-row-layout-id15_3642d9-c5 .kt-row-layout-bottom-sep svg{fill:#ffffff!important;}@media all and (max-width: 1024px){.kb-row-layout-id15_3642d9-c5 > .kt-row-column-wrap{grid-template-columns:minmax(0, 1fr) minmax(0, 2fr);}}@media all and (max-width: 1024px){.kb-row-layout-id15_3642d9-c5 .kt-row-layout-bottom-sep{height:px;}}@media all and (max-width: 1024px){.kb-row-layout-id15_3642d9-c5 .kt-row-layout-bottom-sep svg{width:%;}}@media all and (max-width: 767px){.kb-row-layout-id15_3642d9-c5 > .kt-row-column-wrap{grid-template-columns:minmax(0, 1fr);}.kb-row-layout-id15_3642d9-c5 .kt-row-layout-bottom-sep{height:px;}.kb-row-layout-id15_3642d9-c5 .kt-row-layout-bottom-sep svg{width:%;}}<\/style><div class=\"kb-row-layout-wrap kb-row-layout-id15_3642d9-c5 alignfull kt-row-has-bg d-md-none wp-block-kadence-rowlayout\"><div class=\"kt-row-column-wrap kt-has-2-columns kt-row-layout-right-golden kt-tab-layout-inherit kt-mobile-layout-row kt-row-valign-middle\">\n<style>.kadence-column15_fd2b2f-a0 > .kt-inside-inner-col,.kadence-column15_fd2b2f-a0 > .kt-inside-inner-col:before{border-top-left-radius:0px;border-top-right-radius:0px;border-bottom-right-radius:0px;border-bottom-left-radius:0px;}.kadence-column15_fd2b2f-a0 > .kt-inside-inner-col{column-gap:var(--global-kb-gap-sm, 1rem);}.kadence-column15_fd2b2f-a0 > .kt-inside-inner-col{flex-direction:column;}.kadence-column15_fd2b2f-a0 > .kt-inside-inner-col > .aligncenter{width:100%;}.kadence-column15_fd2b2f-a0 > .kt-inside-inner-col:before{opacity:0.3;}.kadence-column15_fd2b2f-a0{position:relative;}@media all and (max-width: 1024px){.kadence-column15_fd2b2f-a0 > .kt-inside-inner-col{flex-direction:column;}}@media all and (max-width: 767px){.kadence-column15_fd2b2f-a0 > .kt-inside-inner-col{flex-direction:column;}}<\/style>\n<div class=\"wp-block-kadence-column kadence-column15_fd2b2f-a0 inner-column-1\"><div class=\"kt-inside-inner-col\"><div class=\"wp-block-image m-0\"><figure class=\"aligncenter\"><img loading=\"lazy\" decoding=\"async\" width=\"682\" height=\"1024\" src=\"https:\/\/sandracepeda.com\/wp-content\/uploads\/2019\/07\/613A4120-70-682x1024.jpg\" alt=\"\" class=\"wp-image-164\" srcset=\"https:\/\/sandracepeda.com\/wp-content\/uploads\/2019\/07\/613A4120-70-682x1024.jpg 682w, https:\/\/sandracepeda.com\/wp-content\/uploads\/2019\/07\/613A4120-70-200x300.jpg 200w, https:\/\/sandracepeda.com\/wp-content\/uploads\/2019\/07\/613A4120-70-768x1152.jpg 768w, https:\/\/sandracepeda.com\/wp-content\/uploads\/2019\/07\/613A4120-70-600x900.jpg 600w, https:\/\/sandracepeda.com\/wp-content\/uploads\/2019\/07\/613A4120-70.jpg 1181w\" sizes=\"auto, (max-width: 682px) 100vw, 682px\" \/><\/figure><\/div>\n\n<p><\/p><\/div><\/div>\n\n<style>.kadence-column15_2ee509-3c > .kt-inside-inner-col,.kadence-column15_2ee509-3c > .kt-inside-inner-col:before{border-top-left-radius:0px;border-top-right-radius:0px;border-bottom-right-radius:0px;border-bottom-left-radius:0px;}.kadence-column15_2ee509-3c > .kt-inside-inner-col{column-gap:var(--global-kb-gap-sm, 1rem);}.kadence-column15_2ee509-3c > .kt-inside-inner-col{flex-direction:column;}.kadence-column15_2ee509-3c > .kt-inside-inner-col > .aligncenter{width:100%;}.kadence-column15_2ee509-3c > .kt-inside-inner-col:before{opacity:0.3;}.kadence-column15_2ee509-3c{position:relative;}@media all and (max-width: 1024px){.kadence-column15_2ee509-3c > .kt-inside-inner-col{flex-direction:column;}}@media all and (max-width: 767px){.kadence-column15_2ee509-3c > .kt-inside-inner-col{flex-direction:column;}}<\/style>\n<div class=\"wp-block-kadence-column kadence-column15_2ee509-3c inner-column-2\"><div class=\"kt-inside-inner-col\"><p class=\"has-text-align-center mb-5 has-white-color has-text-color\" style=\"font-size:12px\"><em> The artistic creation of Sandra Cepeda is reflected across multiple disciplines. Her career spans architecture and interior design\u2014her primary profession\u2014as well as museography, curatorship, ephemeral spaces, diverse art techniques, installation, performance, and sculpture.<br><br>She subsequently moved into the production and supervision of art direction for both national and international publishers and production houses.<br><br>Firma de arte, es un recopilado de su trabajo y su ahora laboratorio de producci\u00f3n multifuncional.<\/em><\/p><\/div><\/div>\n<\/div><\/div><div class=\"sc-carrusel\"><\/div>    <section class=\"catalogo-main\">\r\n        <div class=\"text-center\">\r\n            <div class=\"row no-gutters justify-content-center\">\r\n                                    <div class=\"col-sm-4\">\r\n                        <div class=\"catalogo-wrapper\">\r\n                            <a href=\"http:\/\/sandracepeda.com\/en\/arte-2\/\">\r\n                                <img decoding=\"async\" src=\"https:\/\/sandracepeda.com\/wp-content\/uploads\/2021\/01\/arte720.jpg\" alt=\"\">\r\n                                <div>\r\n                                    <p>ART<\/p>\r\n                                <\/div>\r\n                            <\/a>\r\n                        <\/div>\r\n                    <\/div>\r\n                                    <div class=\"col-sm-4\">\r\n                        <div class=\"catalogo-wrapper\">\r\n                            <a href=\"https:\/\/sandracepeda.com\/en\/product-category\/cat-curaduria\/\">\r\n                                <img decoding=\"async\" src=\"https:\/\/sandracepeda.com\/wp-content\/uploads\/2021\/01\/museografia.jpg\" alt=\"\">\r\n                                <div>\r\n                                    <p>CURATURY<\/p>\r\n                                <\/div>\r\n                            <\/a>\r\n                        <\/div>\r\n                    <\/div>\r\n                                    <div class=\"col-sm-4\">\r\n                        <div class=\"catalogo-wrapper\">\r\n                            <a href=\"https:\/\/sandracepeda.com\/en\/product-category\/cat-direccion-de-arte-y-produccion\/\">\r\n                                <img decoding=\"async\" src=\"https:\/\/sandracepeda.com\/wp-content\/uploads\/2021\/01\/direccion-arte.jpg\" alt=\"\">\r\n                                <div>\r\n                                    <p>DIRECTION OF ART AND PRODUCTION<\/p>\r\n                                <\/div>\r\n                            <\/a>\r\n                        <\/div>\r\n                    <\/div>\r\n                \r\n            <\/div>\r\n        <\/div>\r\n        <\/div>\r\n    <\/section>","protected":false},"excerpt":{"rendered":"<p>La creaci\u00f3n art\u00edstica de la Artista Sandra Cepeda se ha visto reflejada en m\u00faltiples disciplinas. Desde la Arquitectura y dise\u00f1o de interiores ,su carrera de profesi\u00f3n, as\u00ed como en museograf\u00eda, curadur\u00eda, espacios ef\u00edmeros, m\u00faltiples t\u00e9cnicas en el arte, instalaci\u00f3n, performace y escultura. Posteriormente incursionando en la producci\u00f3n y supervisi\u00f3n de direcci\u00f3n de arte en editoriales [&hellip;]<\/p>","protected":false},"author":1,"featured_media":0,"parent":0,"menu_order":0,"comment_status":"closed","ping_status":"closed","template":"","meta":{"footnotes":""},"class_list":["post-15","page","type-page","status-publish","hentry"],"_links":{"self":[{"href":"https:\/\/sandracepeda.com\/en\/wp-json\/wp\/v2\/pages\/15","targetHints":{"allow":["GET"]}}],"collection":[{"href":"https:\/\/sandracepeda.com\/en\/wp-json\/wp\/v2\/pages"}],"about":[{"href":"https:\/\/sandracepeda.com\/en\/wp-json\/wp\/v2\/types\/page"}],"author":[{"embeddable":true,"href":"https:\/\/sandracepeda.com\/en\/wp-json\/wp\/v2\/users\/1"}],"replies":[{"embeddable":true,"href":"https:\/\/sandracepeda.com\/en\/wp-json\/wp\/v2\/comments?post=15"}],"version-history":[{"count":28,"href":"https:\/\/sandracepeda.com\/en\/wp-json\/wp\/v2\/pages\/15\/revisions"}],"predecessor-version":[{"id":289,"href":"https:\/\/sandracepeda.com\/en\/wp-json\/wp\/v2\/pages\/15\/revisions\/289"}],"wp:attachment":[{"href":"https:\/\/sandracepeda.com\/en\/wp-json\/wp\/v2\/media?parent=15"}],"curies":[{"name":"wp","href":"https:\/\/api.w.org\/{rel}","templated":true}]}}